{"id":5796,"date":"2023-01-24T19:23:06","date_gmt":"2023-01-24T19:23:06","guid":{"rendered":"https:\/\/emdm-3dm.net\/?page_id=5796"},"modified":"2023-11-22T12:58:18","modified_gmt":"2023-11-22T12:58:18","slug":"project-team","status":"publish","type":"page","link":"https:\/\/emdm-3dm.net\/index.php\/partners\/project-team\/","title":{"rendered":"Project Team"},"content":{"rendered":"\t\t<div data-elementor-type=\"wp-page\" data-elementor-id=\"5796\" class=\"elementor elementor-5796\">\n\t\t\t\t\t\t<section class=\"elementor-section elementor-top-section elementor-element elementor-element-ab2eae3 elementor-section-boxed elementor-section-height-default elementor-section-height-default\" data-id=\"ab2eae3\" data-element_type=\"section\" data-e-type=\"section\">\n\t\t\t\t\t\t<div class=\"elementor-container elementor-column-gap-default\">\n\t\t\t\t\t<div class=\"elementor-column elementor-col-100 elementor-top-column elementor-element elementor-element-5ffb60e\" data-id=\"5ffb60e\" data-element_type=\"column\" data-e-type=\"column\">\n\t\t\t<div class=\"elementor-widget-wrap elementor-element-populated\">\n\t\t\t\t\t\t<div class=\"elementor-element elementor-element-d718955 elementor-widget elementor-widget-spacer\" data-id=\"d718955\" data-element_type=\"widget\" data-e-type=\"widget\" data-widget_type=\"spacer.default\">\n\t\t\t\t<div class=\"elementor-widget-container\">\n\t\t\t\t\t\t\t<div class=\"elementor-spacer\">\n\t\t\t<div class=\"elementor-spacer-inner\"><\/div>\n\t\t<\/div>\n\t\t\t\t\t\t<\/div>\n\t\t\t\t<\/div>\n\t\t\t\t<div class=\"elementor-element elementor-element-ce0a402 elementor-widget elementor-widget-restly_team_member\" data-id=\"ce0a402\" data-element_type=\"widget\" data-e-type=\"widget\" id=\"team\" data-widget_type=\"restly_team_member.default\">\n\t\t\t\t<div class=\"elementor-widget-container\">\n\t\t\t\t\t        <div class=\"restly-team-member-wrapper\">\r\n            <div class=\"restly-team-inner team-style-one\">\r\n                <div class=\"row team-items team-slide-1788\">\r\n                                        <div class=\"col-12 col-sm-6 col-md-6 col-lg-3 single-item\">\r\n                        <div class=\"restly-team-item\">\r\n                            <div class=\"restly-team-img\">\r\n                                <img fetchpriority=\"high\" decoding=\"async\" width=\"1230\" height=\"1230\" src=\"https:\/\/emdm-3dm.net\/wp-content\/uploads\/2023\/11\/Ivana-Domazet.jpg\" class=\"restly-team-image wp-post-image\" alt=\"\" srcset=\"https:\/\/emdm-3dm.net\/wp-content\/uploads\/2023\/11\/Ivana-Domazet.jpg 1230w, https:\/\/emdm-3dm.net\/wp-content\/uploads\/2023\/11\/Ivana-Domazet-300x300.jpg 300w, https:\/\/emdm-3dm.net\/wp-content\/uploads\/2023\/11\/Ivana-Domazet-1024x1024.jpg 1024w, https:\/\/emdm-3dm.net\/wp-content\/uploads\/2023\/11\/Ivana-Domazet-150x150.jpg 150w, https:\/\/emdm-3dm.net\/wp-content\/uploads\/2023\/11\/Ivana-Domazet-768x768.jpg 768w\" sizes=\"(max-width: 1230px) 100vw, 1230px\" \/> \r\n                                                            <\/div>\r\n                            <div class=\"restly-team-contents\">\r\n                                <h2 class=\"restly-team-title\"><a href=\"https:\/\/emdm-3dm.net\/index.php\/restly-team\/dr-ivana-domazet\/\">Dr. Ivana Domazet<\/a><\/h2>\r\n                                <h4 class=\"restly-team-stitle\">Union University Belgrade, Serbia<\/h4>                                                            <\/div>\r\n                        <\/div>\r\n                    <\/div>\r\n                                        <div class=\"col-12 col-sm-6 col-md-6 col-lg-3 single-item\">\r\n                        <div class=\"restly-team-item\">\r\n                            <div class=\"restly-team-img\">\r\n                                <img decoding=\"async\" width=\"2560\" height=\"2560\" src=\"https:\/\/emdm-3dm.net\/wp-content\/uploads\/2023\/11\/Hasan-Hanic-scaled.jpg\" class=\"restly-team-image wp-post-image\" alt=\"\" srcset=\"https:\/\/emdm-3dm.net\/wp-content\/uploads\/2023\/11\/Hasan-Hanic-scaled.jpg 2560w, https:\/\/emdm-3dm.net\/wp-content\/uploads\/2023\/11\/Hasan-Hanic-300x300.jpg 300w, https:\/\/emdm-3dm.net\/wp-content\/uploads\/2023\/11\/Hasan-Hanic-1024x1024.jpg 1024w, https:\/\/emdm-3dm.net\/wp-content\/uploads\/2023\/11\/Hasan-Hanic-150x150.jpg 150w, https:\/\/emdm-3dm.net\/wp-content\/uploads\/2023\/11\/Hasan-Hanic-768x768.jpg 768w, https:\/\/emdm-3dm.net\/wp-content\/uploads\/2023\/11\/Hasan-Hanic-1536x1536.jpg 1536w, https:\/\/emdm-3dm.net\/wp-content\/uploads\/2023\/11\/Hasan-Hanic-2048x2048.jpg 2048w\" sizes=\"(max-width: 2560px) 100vw, 2560px\" \/> \r\n                                                            <\/div>\r\n                            <div class=\"restly-team-contents\">\r\n                                <h2 class=\"restly-team-title\"><a href=\"https:\/\/emdm-3dm.net\/index.php\/restly-team\/dr-hasan-hanic\/\">Dr. Hasan Hani\u0107<\/a><\/h2>\r\n                                <h4 class=\"restly-team-stitle\">Union University Belgrade, Serbia<\/h4>                                                            <\/div>\r\n                        <\/div>\r\n                    <\/div>\r\n                                        <div class=\"col-12 col-sm-6 col-md-6 col-lg-3 single-item\">\r\n                        <div class=\"restly-team-item\">\r\n                            <div class=\"restly-team-img\">\r\n                                <img decoding=\"async\" width=\"2560\" height=\"2560\" src=\"https:\/\/emdm-3dm.net\/wp-content\/uploads\/2023\/11\/Milica-Bugarcic-scaled.jpg\" class=\"restly-team-image wp-post-image\" alt=\"\" srcset=\"https:\/\/emdm-3dm.net\/wp-content\/uploads\/2023\/11\/Milica-Bugarcic-scaled.jpg 2560w, https:\/\/emdm-3dm.net\/wp-content\/uploads\/2023\/11\/Milica-Bugarcic-300x300.jpg 300w, https:\/\/emdm-3dm.net\/wp-content\/uploads\/2023\/11\/Milica-Bugarcic-1024x1024.jpg 1024w, https:\/\/emdm-3dm.net\/wp-content\/uploads\/2023\/11\/Milica-Bugarcic-150x150.jpg 150w, https:\/\/emdm-3dm.net\/wp-content\/uploads\/2023\/11\/Milica-Bugarcic-768x768.jpg 768w, https:\/\/emdm-3dm.net\/wp-content\/uploads\/2023\/11\/Milica-Bugarcic-1536x1536.jpg 1536w, https:\/\/emdm-3dm.net\/wp-content\/uploads\/2023\/11\/Milica-Bugarcic-2048x2048.jpg 2048w\" sizes=\"(max-width: 2560px) 100vw, 2560px\" \/> \r\n                                                            <\/div>\r\n                            <div class=\"restly-team-contents\">\r\n                                <h2 class=\"restly-team-title\"><a href=\"https:\/\/emdm-3dm.net\/index.php\/restly-team\/dr-milica-bugarcic\/\">Dr. Milica Bugar\u010di\u0107<\/a><\/h2>\r\n                                <h4 class=\"restly-team-stitle\">Union University Belgrade, Serbia<\/h4>                                                            <\/div>\r\n                        <\/div>\r\n                    <\/div>\r\n                                        <div class=\"col-12 col-sm-6 col-md-6 col-lg-3 single-item\">\r\n                        <div class=\"restly-team-item\">\r\n                            <div class=\"restly-team-img\">\r\n                                <img loading=\"lazy\" decoding=\"async\" width=\"646\" height=\"646\" src=\"https:\/\/emdm-3dm.net\/wp-content\/uploads\/2023\/11\/Sonia-1-e1700654831498.jpeg\" class=\"restly-team-image wp-post-image\" alt=\"\" srcset=\"https:\/\/emdm-3dm.net\/wp-content\/uploads\/2023\/11\/Sonia-1-e1700654831498.jpeg 646w, https:\/\/emdm-3dm.net\/wp-content\/uploads\/2023\/11\/Sonia-1-e1700654831498-300x300.jpeg 300w, https:\/\/emdm-3dm.net\/wp-content\/uploads\/2023\/11\/Sonia-1-e1700654831498-150x150.jpeg 150w\" sizes=\"(max-width: 646px) 100vw, 646px\" \/> \r\n                                                            <\/div>\r\n                            <div class=\"restly-team-contents\">\r\n                                <h2 class=\"restly-team-title\"><a href=\"https:\/\/emdm-3dm.net\/index.php\/restly-team\/sonia-nogueira\/\">Prof. S\u00f3nia Nogueira<\/a><\/h2>\r\n                                <h4 class=\"restly-team-stitle\">Polytechnic Institute of Bragan\u00e7a, Portugal<\/h4>                                                            <\/div>\r\n                        <\/div>\r\n                    <\/div>\r\n                                        <div class=\"col-12 col-sm-6 col-md-6 col-lg-3 single-item\">\r\n                        <div class=\"restly-team-item\">\r\n                            <div class=\"restly-team-img\">\r\n                                <img loading=\"lazy\" decoding=\"async\" width=\"1706\" height=\"1706\" src=\"https:\/\/emdm-3dm.net\/wp-content\/uploads\/2023\/11\/Karmen-Marguc-1-scaled-e1700654884635.jpg\" class=\"restly-team-image wp-post-image\" alt=\"\" srcset=\"https:\/\/emdm-3dm.net\/wp-content\/uploads\/2023\/11\/Karmen-Marguc-1-scaled-e1700654884635.jpg 1706w, https:\/\/emdm-3dm.net\/wp-content\/uploads\/2023\/11\/Karmen-Marguc-1-scaled-e1700654884635-300x300.jpg 300w, https:\/\/emdm-3dm.net\/wp-content\/uploads\/2023\/11\/Karmen-Marguc-1-scaled-e1700654884635-1024x1024.jpg 1024w, https:\/\/emdm-3dm.net\/wp-content\/uploads\/2023\/11\/Karmen-Marguc-1-scaled-e1700654884635-150x150.jpg 150w, https:\/\/emdm-3dm.net\/wp-content\/uploads\/2023\/11\/Karmen-Marguc-1-scaled-e1700654884635-768x768.jpg 768w, https:\/\/emdm-3dm.net\/wp-content\/uploads\/2023\/11\/Karmen-Marguc-1-scaled-e1700654884635-1536x1536.jpg 1536w\" sizes=\"(max-width: 1706px) 100vw, 1706px\" \/> \r\n                                                            <\/div>\r\n                            <div class=\"restly-team-contents\">\r\n                                <h2 class=\"restly-team-title\"><a href=\"https:\/\/emdm-3dm.net\/index.php\/restly-team\/doc-dr-karmen-marguc\/\">Doc. dr. Karmen Margu\u010d<\/a><\/h2>\r\n                                <h4 class=\"restly-team-stitle\">Ljubljana School of Business, Slovenia<\/h4>                                                            <\/div>\r\n                        <\/div>\r\n                    <\/div>\r\n                                        <div class=\"col-12 col-sm-6 col-md-6 col-lg-3 single-item\">\r\n                        <div class=\"restly-team-item\">\r\n                            <div class=\"restly-team-img\">\r\n                                <img loading=\"lazy\" decoding=\"async\" width=\"311\" height=\"311\" src=\"https:\/\/emdm-3dm.net\/wp-content\/uploads\/2023\/02\/mile-1.png\" class=\"restly-team-image wp-post-image\" alt=\"\" srcset=\"https:\/\/emdm-3dm.net\/wp-content\/uploads\/2023\/02\/mile-1.png 311w, https:\/\/emdm-3dm.net\/wp-content\/uploads\/2023\/02\/mile-1-300x300.png 300w, https:\/\/emdm-3dm.net\/wp-content\/uploads\/2023\/02\/mile-1-150x150.png 150w\" sizes=\"(max-width: 311px) 100vw, 311px\" \/> \r\n                                                            <\/div>\r\n                            <div class=\"restly-team-contents\">\r\n                                <h2 class=\"restly-team-title\"><a href=\"https:\/\/emdm-3dm.net\/index.php\/restly-team\/prof-mile-vasic\/\">Prof. Mile Vasic<\/a><\/h2>\r\n                                <h4 class=\"restly-team-stitle\">European Marketing and Management Association (EUMMAS)<\/h4>                                                            <\/div>\r\n                        <\/div>\r\n                    <\/div>\r\n                                        <div class=\"col-12 col-sm-6 col-md-6 col-lg-3 single-item\">\r\n                        <div class=\"restly-team-item\">\r\n                            <div class=\"restly-team-img\">\r\n                                <img loading=\"lazy\" decoding=\"async\" width=\"2560\" height=\"2560\" src=\"https:\/\/emdm-3dm.net\/wp-content\/uploads\/2023\/11\/Sonja-Radenkovic-scaled.jpg\" class=\"restly-team-image wp-post-image\" alt=\"\" srcset=\"https:\/\/emdm-3dm.net\/wp-content\/uploads\/2023\/11\/Sonja-Radenkovic-scaled.jpg 2560w, https:\/\/emdm-3dm.net\/wp-content\/uploads\/2023\/11\/Sonja-Radenkovic-300x300.jpg 300w, https:\/\/emdm-3dm.net\/wp-content\/uploads\/2023\/11\/Sonja-Radenkovic-1024x1024.jpg 1024w, https:\/\/emdm-3dm.net\/wp-content\/uploads\/2023\/11\/Sonja-Radenkovic-150x150.jpg 150w, https:\/\/emdm-3dm.net\/wp-content\/uploads\/2023\/11\/Sonja-Radenkovic-768x768.jpg 768w, https:\/\/emdm-3dm.net\/wp-content\/uploads\/2023\/11\/Sonja-Radenkovic-1536x1536.jpg 1536w, https:\/\/emdm-3dm.net\/wp-content\/uploads\/2023\/11\/Sonja-Radenkovic-2048x2048.jpg 2048w\" sizes=\"(max-width: 2560px) 100vw, 2560px\" \/> \r\n                                                            <\/div>\r\n                            <div class=\"restly-team-contents\">\r\n                                <h2 class=\"restly-team-title\"><a href=\"https:\/\/emdm-3dm.net\/index.php\/restly-team\/dr-sonja-d-radenkovic\/\">Dr. Sonja D. Radenkovic<\/a><\/h2>\r\n                                <h4 class=\"restly-team-stitle\">Union University Belgrade - Belgrade Banking Academy, Serbia<\/h4>                                                            <\/div>\r\n                        <\/div>\r\n                    <\/div>\r\n                                        <div class=\"col-12 col-sm-6 col-md-6 col-lg-3 single-item\">\r\n                        <div class=\"restly-team-item\">\r\n                            <div class=\"restly-team-img\">\r\n                                <img loading=\"lazy\" decoding=\"async\" width=\"322\" height=\"322\" src=\"https:\/\/emdm-3dm.net\/wp-content\/uploads\/2023\/02\/katarina-1.png\" class=\"restly-team-image wp-post-image\" alt=\"\" srcset=\"https:\/\/emdm-3dm.net\/wp-content\/uploads\/2023\/02\/katarina-1.png 322w, https:\/\/emdm-3dm.net\/wp-content\/uploads\/2023\/02\/katarina-1-300x300.png 300w, https:\/\/emdm-3dm.net\/wp-content\/uploads\/2023\/02\/katarina-1-150x150.png 150w\" sizes=\"(max-width: 322px) 100vw, 322px\" \/> \r\n                                                            <\/div>\r\n                            <div class=\"restly-team-contents\">\r\n                                <h2 class=\"restly-team-title\"><a href=\"https:\/\/emdm-3dm.net\/index.php\/restly-team\/katarina-askerc-zadravec\/\">Katarina A\u0161kerc Zadravec<\/a><\/h2>\r\n                                <h4 class=\"restly-team-stitle\">Ljubljana School of Business, Slovenia<\/h4>                                                            <\/div>\r\n                        <\/div>\r\n                    <\/div>\r\n                                        <div class=\"col-12 col-sm-6 col-md-6 col-lg-3 single-item\">\r\n                        <div class=\"restly-team-item\">\r\n                            <div class=\"restly-team-img\">\r\n                                <img loading=\"lazy\" decoding=\"async\" width=\"322\" height=\"322\" src=\"https:\/\/emdm-3dm.net\/wp-content\/uploads\/2023\/02\/yioula-1.png\" class=\"restly-team-image wp-post-image\" alt=\"\" srcset=\"https:\/\/emdm-3dm.net\/wp-content\/uploads\/2023\/02\/yioula-1.png 322w, https:\/\/emdm-3dm.net\/wp-content\/uploads\/2023\/02\/yioula-1-300x300.png 300w, https:\/\/emdm-3dm.net\/wp-content\/uploads\/2023\/02\/yioula-1-150x150.png 150w\" sizes=\"(max-width: 322px) 100vw, 322px\" \/> \r\n                                                            <\/div>\r\n                            <div class=\"restly-team-contents\">\r\n                                <h2 class=\"restly-team-title\"><a href=\"https:\/\/emdm-3dm.net\/index.php\/restly-team\/prof-yioula-melanthiou\/\">Prof. Yioula Melanthiou<\/a><\/h2>\r\n                                <h4 class=\"restly-team-stitle\">Cyprus University of Technology, Cyprus<\/h4>                                                            <\/div>\r\n                        <\/div>\r\n                    <\/div>\r\n                                        <div class=\"col-12 col-sm-6 col-md-6 col-lg-3 single-item\">\r\n                        <div class=\"restly-team-item\">\r\n                            <div class=\"restly-team-img\">\r\n                                <img loading=\"lazy\" decoding=\"async\" width=\"322\" height=\"322\" src=\"https:\/\/emdm-3dm.net\/wp-content\/uploads\/2023\/02\/ana-1.png\" class=\"restly-team-image wp-post-image\" alt=\"\" srcset=\"https:\/\/emdm-3dm.net\/wp-content\/uploads\/2023\/02\/ana-1.png 322w, https:\/\/emdm-3dm.net\/wp-content\/uploads\/2023\/02\/ana-1-300x300.png 300w, https:\/\/emdm-3dm.net\/wp-content\/uploads\/2023\/02\/ana-1-150x150.png 150w\" sizes=\"(max-width: 322px) 100vw, 322px\" \/> \r\n                                                            <\/div>\r\n                            <div class=\"restly-team-contents\">\r\n                                <h2 class=\"restly-team-title\"><a href=\"https:\/\/emdm-3dm.net\/index.php\/restly-team\/ms-ana-sofia-coelho\/\">Ms. Ana Sofia Coelho<\/a><\/h2>\r\n                                <h4 class=\"restly-team-stitle\">Polytechnic Institute of Braganca, Portugal<\/h4>                                                            <\/div>\r\n                        <\/div>\r\n                    <\/div>\r\n                                        <div class=\"col-12 col-sm-6 col-md-6 col-lg-3 single-item\">\r\n                        <div class=\"restly-team-item\">\r\n                            <div class=\"restly-team-img\">\r\n                                <img loading=\"lazy\" decoding=\"async\" width=\"322\" height=\"322\" src=\"https:\/\/emdm-3dm.net\/wp-content\/uploads\/2023\/02\/stela-1.png\" class=\"restly-team-image wp-post-image\" alt=\"\" srcset=\"https:\/\/emdm-3dm.net\/wp-content\/uploads\/2023\/02\/stela-1.png 322w, https:\/\/emdm-3dm.net\/wp-content\/uploads\/2023\/02\/stela-1-300x300.png 300w, https:\/\/emdm-3dm.net\/wp-content\/uploads\/2023\/02\/stela-1-150x150.png 150w\" sizes=\"(max-width: 322px) 100vw, 322px\" \/> \r\n                                                            <\/div>\r\n                            <div class=\"restly-team-contents\">\r\n                                <h2 class=\"restly-team-title\"><a href=\"https:\/\/emdm-3dm.net\/index.php\/restly-team\/ms-stela-raytcheva\/\">Ms. Stela Raytcheva<\/a><\/h2>\r\n                                <h4 class=\"restly-team-stitle\">University of Versailles Saint Quentin-en-Yvelines -IAE, France<\/h4>                                                            <\/div>\r\n                        <\/div>\r\n                    <\/div>\r\n                                        <div class=\"col-12 col-sm-6 col-md-6 col-lg-3 single-item\">\r\n                        <div class=\"restly-team-item\">\r\n                            <div class=\"restly-team-img\">\r\n                                <img loading=\"lazy\" decoding=\"async\" width=\"322\" height=\"322\" src=\"https:\/\/emdm-3dm.net\/wp-content\/uploads\/2023\/02\/ani-1.png\" class=\"restly-team-image wp-post-image\" alt=\"\" srcset=\"https:\/\/emdm-3dm.net\/wp-content\/uploads\/2023\/02\/ani-1.png 322w, https:\/\/emdm-3dm.net\/wp-content\/uploads\/2023\/02\/ani-1-300x300.png 300w, https:\/\/emdm-3dm.net\/wp-content\/uploads\/2023\/02\/ani-1-150x150.png 150w\" sizes=\"(max-width: 322px) 100vw, 322px\" \/> \r\n                                                            <\/div>\r\n                            <div class=\"restly-team-contents\">\r\n                                <h2 class=\"restly-team-title\"><a href=\"https:\/\/emdm-3dm.net\/index.php\/restly-team\/ms-ani-chelishvili\/\">Ms. Ani Chelishvili<\/a><\/h2>\r\n                                <h4 class=\"restly-team-stitle\">Business and Technology University, Georgia <\/h4>                                                            <\/div>\r\n                        <\/div>\r\n                    <\/div>\r\n                                    <\/div>\r\n            <\/div>\r\n        <\/div>\r\n        \t\t\t\t<\/div>\n\t\t\t\t<\/div>\n\t\t\t\t<div class=\"elementor-element elementor-element-d774f6d elementor-widget elementor-widget-spacer\" data-id=\"d774f6d\" data-element_type=\"widget\" data-e-type=\"widget\" data-widget_type=\"spacer.default\">\n\t\t\t\t<div class=\"elementor-widget-container\">\n\t\t\t\t\t\t\t<div class=\"elementor-spacer\">\n\t\t\t<div class=\"elementor-spacer-inner\"><\/div>\n\t\t<\/div>\n\t\t\t\t\t\t<\/div>\n\t\t\t\t<\/div>\n\t\t\t\t\t<\/div>\n\t\t<\/div>\n\t\t\t\t\t<\/div>\n\t\t<\/section>\n\t\t\t\t<\/div>\n\t\t","protected":false},"excerpt":{"rendered":"<p>Dr. Milica Bugar\u010di\u0107 Union University Belgrade, Serbia Prof. S\u00f3nia Nogueira Polytechnic Institute of Bragan\u00e7a, Portugal Doc. dr. Karmen Margu\u010d Ljubljana School of Business, Slovenia Prof. Mile Vasic European Marketing and Management Association (EUMMAS) Dr. Sonja D. Radenkovic Union University Belgrade &#8211; Belgrade Banking Academy, Serbia Katarina A\u0161kerc Zadravec Ljubljana School of Business, Slovenia Prof. Yioula [&hellip;]<\/p>\n","protected":false},"author":2,"featured_media":0,"parent":5790,"menu_order":0,"comment_status":"closed","ping_status":"closed","template":"","meta":{"footnotes":""},"class_list":["post-5796","page","type-page","status-publish","hentry"],"aioseo_notices":[],"_links":{"self":[{"href":"https:\/\/emdm-3dm.net\/index.php\/wp-json\/wp\/v2\/pages\/5796","targetHints":{"allow":["GET"]}}],"collection":[{"href":"https:\/\/emdm-3dm.net\/index.php\/wp-json\/wp\/v2\/pages"}],"about":[{"href":"https:\/\/emdm-3dm.net\/index.php\/wp-json\/wp\/v2\/types\/page"}],"author":[{"embeddable":true,"href":"https:\/\/emdm-3dm.net\/index.php\/wp-json\/wp\/v2\/users\/2"}],"replies":[{"embeddable":true,"href":"https:\/\/emdm-3dm.net\/index.php\/wp-json\/wp\/v2\/comments?post=5796"}],"version-history":[{"count":46,"href":"https:\/\/emdm-3dm.net\/index.php\/wp-json\/wp\/v2\/pages\/5796\/revisions"}],"predecessor-version":[{"id":6481,"href":"https:\/\/emdm-3dm.net\/index.php\/wp-json\/wp\/v2\/pages\/5796\/revisions\/6481"}],"up":[{"embeddable":true,"href":"https:\/\/emdm-3dm.net\/index.php\/wp-json\/wp\/v2\/pages\/5790"}],"wp:attachment":[{"href":"https:\/\/emdm-3dm.net\/index.php\/wp-json\/wp\/v2\/media?parent=5796"}],"curies":[{"name":"wp","href":"https:\/\/api.w.org\/{rel}","templated":true}]}}